{"id":941,"date":"2021-01-23T19:16:24","date_gmt":"2021-01-23T19:16:24","guid":{"rendered":"https:\/\/enigmaboxgame.it\/?page_id=941"},"modified":"2021-01-23T19:23:26","modified_gmt":"2021-01-23T19:23:26","slug":"termini-e-condizioni","status":"publish","type":"page","link":"https:\/\/enigmaboxgame.it\/en\/termini-e-condizioni\/","title":{"rendered":"Termini e Condizioni"},"content":{"rendered":"\t\t<div data-elementor-type=\"wp-page\" data-elementor-id=\"941\" class=\"elementor elementor-941\" data-elementor-post-type=\"page\">\n\t\t\t\t\t\t<section class=\"elementor-section elementor-top-section elementor-element elementor-element-3db6970 elementor-section-boxed elementor-section-height-default elementor-section-height-default\" data-id=\"3db6970\" data-element_type=\"section\" data-e-type=\"section\">\n\t\t\t\t\t\t<div class=\"elementor-container elementor-column-gap-default\">\n\t\t\t\t\t<div class=\"elementor-column elementor-col-100 elementor-top-column elementor-element elementor-element-b9e681f\" data-id=\"b9e681f\" data-element_type=\"column\" data-e-type=\"column\">\n\t\t\t<div class=\"elementor-widget-wrap elementor-element-populated\">\n\t\t\t\t\t\t<div class=\"elementor-element elementor-element-4e566ee elementor-widget elementor-widget-heading\" data-id=\"4e566ee\" data-element_type=\"widget\" data-e-type=\"widget\" data-widget_type=\"heading.default\">\n\t\t\t\t\t<h2 class=\"elementor-heading-title elementor-size-default\">Termini e Condizioni<\/h2>\t\t\t\t<\/div>\n\t\t\t\t<div class=\"elementor-element elementor-element-f9e4a80 elementor-widget-divider--view-line elementor-widget elementor-widget-divider\" data-id=\"f9e4a80\" data-element_type=\"widget\" data-e-type=\"widget\" data-widget_type=\"divider.default\">\n\t\t\t\t\t\t\t<div class=\"elementor-divider\">\n\t\t\t<span class=\"elementor-divider-separator\">\n\t\t\t\t\t\t<\/span>\n\t\t<\/div>\n\t\t\t\t\t\t<\/div>\n\t\t\t\t<div class=\"elementor-element elementor-element-e79f70c elementor-widget elementor-widget-text-editor\" data-id=\"e79f70c\" data-element_type=\"widget\" data-e-type=\"widget\" data-widget_type=\"text-editor.default\">\n\t\t\t\t\t\t\t\t\t<p>Il sito Enigma Box Game fa parte del progetto Escape Room Evolution, perci\u00f2 si prega di leggere attentamente i presenti Termini e Condizioni prima di completare la prenotazione. Prenotando una sessione di gioco presso Escape Room Evolution il cliente esprime il proprio consenso al presente accordo. Nel caso in cui qualche punto non \u00e8 chiaro, si prega di scrivere a <a href=\"mailto:info@escaperoomevolution.it\">info@escaperoomevolution.it<\/a> per ulteriori informazioni.<\/p><ul><li>Il contenuto di questo documento presenta ai clienti di Escape Room Evolution i termini e le condizioni riguardanti il gioco Escape Room Evolution.<\/li><li>Ci riserviamo il diritto di modificare il presente accordo in qualsiasi momento. In caso di eventuali modifiche all'accordo, il nuovo accordo sar\u00e0 pubblicato sul nostro sito web.<\/li><li>Nel caso in cui il cliente si rifiuta di accettare i termini e le condizioni non potr\u00e0 partecipare al gioco.<\/li><li>Il servizio sar\u00e0 fornito a regola d\u2019arte mettendo cura e impegno, in modo professionale e in conformit\u00e0 con i termini e condizioni. Escape Room Evolution ha impegnato tempo ed energie per visualizzare e descrivere i propri servizi sul sito web in modo accurato. Escape Room Evolution sta migliorando costantemente le proprie informazioni, i prodotti e i servizi. Di conseguenza, Escape Room Evolution non pu\u00f2 e non garantisce l'accuratezza o la completezza delle informazioni, compresi i prezzi, le specifiche, la disponibilit\u00e0 e i servizi. L'utente prende atto ed accetta che la forma e la natura dei servizi che Escape Room Evolution fornisce, pu\u00f2 variare senza nessun preavviso. Escape Room Evolution si riserva il diritto di modificare o interrompere il servizio con o senza preavviso a voi o ad altri clienti.<\/li><\/ul><p>\u00a0<\/p><h4>Termini e condizioni prima di entrare nella stanza<\/h4><ul><li>Effetti personali quali telefoni cellulari, chiavi, borse, zaini, libri, penne, matite, computer portatili, registratori, fotocamere, videocamere, cibo o bevande (l'elenco non \u00e8 esaustivo) saranno lasciati fuori dalla stanza sotto l'attenta supervisione<br \/>del personale addetto.<\/li><li>Si raccomanda di arrivare 10 minuti prima di iniziare il gioco, in modo da avere abbastanza tempo per ricevere istruzioni riguardanti, la sicurezza e la salute, nonch\u00e9 la prevenzione di qualsiasi tipo di incidente.<\/li><li>Non si pu\u00f2 entrare nella stanza senza accettare queste istruzioni.<\/li><li>Non saranno ammesse nelle stanze le persone che hanno fatto uso di alcool o di sostanze che alterano o impediscono la lucidit\u00e0, il coordinamento motorio e l\u2019equilibrio psicofisico.<\/li><\/ul><p>\u00a0<\/p><h4>Termini e condizioni all'interno della stanza<\/h4><ul><li>La progettazione dello scenario prende in considerazione tutte le precauzioni necessarie e non ci sono nella stanza elementi o oggetti pericolosi o danneggiati; quindi ogni azione volontaria o involontaria del cliente che pu\u00f2 causare danni (fisici o mentali) \u00e8 responsabilit\u00e0 del cliente.<\/li><li>Il gioco \u00e8 basato su soluzioni razionali determinate attraverso la deduzione e non richiede abilit\u00e0 speciali o conoscenze non comuni; la forza, le acrobazie o la violenza non sono necessarie per risolvere i puzzle. Le soluzioni ai puzzle e i codici<br \/>non comportano una modifica del sistema di riscaldamento, del sistema elettrico o del sistema di sorveglianza e quindi non si devono toccare o spostare.<\/li><li>Il cliente non \u00e8 autorizzato a rimuovere gli adesivi di colore rosso e giallo trovati nella stanza; sono l\u00ec per la protezione dei clienti.<\/li><li>Eventuali danni riportati come conseguenza di un uso non coretto del cliente nella stanza, durante il tempo in qui stava frequentando il gioco, sono interamente a carico del cliente; pertanto saranno sostituiti dal cliente nel caso in cui non possono<br \/>essere utilizzati ulteriormente.<\/li><li>I bambini di meno di 12 anni devono essere accompagnati nella stanza di gioco da uno dei genitori o tutori legali. I ragazzi tra i 13 e i 18 anni devono avere il consenso scritto da parte dei genitori per quanto riguarda la partecipazione al gioco. <span style=\"color: #3366ff;\"><a style=\"color: #3366ff;\" href=\"https:\/\/escaperoomevolution.it\/uploads\/AUTORIZZAZIONE_MINORENNI_EscpapeRoomEvolution.pdf\" target=\"_blank\" rel=\"noopener\">Pu\u00f2 essere scaricato qui<\/a><\/span><\/li><li>Il gioco termina esattamente 60 minuti dopo l\u2019ingresso nella stanza, indipendentemente dal fatto che la chiave \u00e8 stata trovata o no.<\/li><\/ul><p>\u00a0<\/p><h4>Esclusione di responsabilit\u00e0<\/h4><ul><li>il cliente, dichiara che ha capito le istruzioni di gioco e si impegna a non intraprendere azioni che possano danneggiare mentalmente o fisicamente s\u00e9 stesso, i compagni di squadra, o il personale addetto.<\/li><li>il cliente, dichiara che ha capito che nessun oggetto nella stanza \u00e8 destinato ad essere utilizzato e\/o trattato con violenza e dichiara che qualsiasi danno verr\u00e0 arrecato a questi oggetti sar\u00e0 coperto dal cliente stesso.<\/li><li>il cliente, capisce che il gioco non \u00e8 raccomandato per persone che soffrono di qualsiasi tipo di disturbi cardiaci, ipertensione, claustrofobia, l'epilessia o altre condizioni simili. Nel caso in cui il cliente decide di partecipare nonostante questa dichiarazione si assume la completa responsabilit\u00e0.<\/li><li>il cliente, capisce che il personale addetto pu\u00f2 fermare il gioco in qualsiasi momento, se osserva che le istruzioni contenute nel presente documento non sono rispettate.<\/li><li>il cliente \u00e8 consapevole che sono vietati: la copia, la distribuzione, la pubblicazione o l\u2019uso di concetti creativi appartenenti a Escape Room Evolution che si riserva il diritto di intraprendere un'azione legale contro le persone che infrangono queste regole.<\/li><li>Se non diversamente disposto, i diritti d'autore e di altri diritti di propriet\u00e0 intellettuale in tutto il materiale sul sito (tra cui, ma senza limitarsi a, fotografie e immagini grafiche) sono di propriet\u00e0 di Escape Room Evolution. Il permesso di utilizzare il sito termina automaticamente e si \u00e8 tenuti a distruggere immediatamente tutti gli allegati o estratti scaricati o stampati dal sito web. Nessuna parte del sito pu\u00f2 essere riprodotta o memorizzata su qualsiasi altro sito web o incluso in qualsiasi sistema di recupero elettronico pubblico o privato o servizio senza il nostro previo consenso scritto.<\/li><li>Tutti i dati personali forniti attraverso il sito di Escape Room Evolution saranno trattati in modo lecito e secondo correttezza al fine di fornire i servizi richiesti nonch\u00e9 di rispondere alle comunicazioni e alle domande degli utenti, sempre nel massimo rispetto della <a href=\"https:\/\/enigmaboxgame.it\/privacy\/\" target=\"_blank\" rel=\"noopener\"><span style=\"color: #3366ff;\">legge sulla privacy<\/span><\/a><\/li><\/ul>\t\t\t\t\t\t\t\t<\/div>\n\t\t\t\t\t<\/div>\n\t\t<\/div>\n\t\t\t\t\t<\/div>\n\t\t<\/section>\n\t\t\t\t<\/div>\n\t\t","protected":false},"excerpt":{"rendered":"<p>Termini e Condizioni Il sito Enigma Box Game fa parte del progetto Escape Room Evolution, perci\u00f2 si prega di leggere attentamente i presenti Termini e Condizioni prima di completare la prenotazione. Prenotando una sessione di gioco presso Escape Room Evolution il cliente esprime il proprio consenso al presente accordo. Nel caso in cui qualche punto&hellip;&nbsp;<a href=\"https:\/\/enigmaboxgame.it\/en\/termini-e-condizioni\/\" rel=\"bookmark\">Read More &raquo;<span class=\"screen-reader-text\">Termini e Condizioni<\/span><\/a><\/p>\n","protected":false},"author":1,"featured_media":0,"parent":0,"menu_order":0,"comment_status":"closed","ping_status":"closed","template":"page-templates\/template-pagebuilder-full-width.php","meta":{"neve_meta_sidebar":"full-width","neve_meta_container":"","neve_meta_enable_content_width":"on","neve_meta_content_width":100,"neve_meta_title_alignment":"","neve_meta_author_avatar":"","neve_post_elements_order":"","neve_meta_disable_header":"","neve_meta_disable_footer":"","neve_meta_disable_title":"","footnotes":""},"class_list":["post-941","page","type-page","status-publish","hentry"],"yoast_head":"<!-- This site is optimized with the Yoast SEO plugin v27.4 - https:\/\/yoast.com\/product\/yoast-seo-wordpress\/ -->\n<title>Termini e Condizioni<\/title>\n<meta name=\"description\" content=\"Termini e Condizioni Il sito Enigma Box Game fa parte del progetto Escape Room Evolution, perci\u00f2 si prega di leggere attentamente i presenti Termini e Condizioni prima di completare la prenotazione. Prenotando una sessione di gioco presso Escape Room Evolution il cliente esprime il proprio consenso al presente accordo. Nel caso in cui qualche punto&hellip;\" \/>\n<meta name=\"robots\" content=\"index, follow, max-snippet:-1, max-image-preview:large, max-video-preview:-1\" \/>\n<link rel=\"canonical\" href=\"http:\/\/Termini%20e%20Condizioni%20Il%20sito%20Enigma%20Box%20Game%20fa%20parte%20del%20progetto%20Escape%20Room%20Evolution,%20perci\u00f2%20si%20prega%20di%20leggere%20attentamente%20i%20presenti%20Termini%20e%20Condizioni%20prima%20di%20completare%20la%20prenotazione.%20Prenotando%20una%20sessione%20di%20gioco%20presso%20Escape%20Room%20Evolution%20il%20cliente%20esprime%20il%20proprio%20consenso%20al%20presente%20accordo.%20Nel%20caso%20in%20cui%20qualche%20punto&hellip;\" \/>\n<meta property=\"og:locale\" content=\"en_GB\" \/>\n<meta property=\"og:type\" content=\"article\" \/>\n<meta property=\"og:title\" content=\"Termini e Condizioni\" \/>\n<meta property=\"og:description\" content=\"Termini e Condizioni Il sito Enigma Box Game fa parte del progetto Escape Room Evolution, perci\u00f2 si prega di leggere attentamente i presenti Termini e Condizioni prima di completare la prenotazione. Prenotando una sessione di gioco presso Escape Room Evolution il cliente esprime il proprio consenso al presente accordo. Nel caso in cui qualche punto&hellip;\" \/>\n<meta property=\"og:url\" content=\"https:\/\/enigmaboxgame.it\/en\/termini-e-condizioni\/\" \/>\n<meta property=\"og:site_name\" content=\"Enigma Box Game\" \/>\n<meta property=\"article:modified_time\" content=\"2021-01-23T19:23:26+00:00\" \/>\n<meta name=\"twitter:card\" content=\"summary_large_image\" \/>\n<meta name=\"twitter:label1\" content=\"Estimated reading time\" \/>\n\t<meta name=\"twitter:data1\" content=\"5 minutes\" \/>\n<script type=\"application\/ld+json\" class=\"yoast-schema-graph\">{\"@context\":\"https:\\\/\\\/schema.org\",\"@graph\":[{\"@type\":\"WebPage\",\"@id\":\"https:\\\/\\\/enigmaboxgame.it\\\/en\\\/termini-e-condizioni\\\/\",\"url\":\"https:\\\/\\\/enigmaboxgame.it\\\/en\\\/termini-e-condizioni\\\/\",\"name\":\"Termini e Condizioni - Enigma Box Game\",\"isPartOf\":{\"@id\":\"https:\\\/\\\/enigmaboxgame.it\\\/#website\"},\"datePublished\":\"2021-01-23T19:16:24+00:00\",\"dateModified\":\"2021-01-23T19:23:26+00:00\",\"breadcrumb\":{\"@id\":\"https:\\\/\\\/enigmaboxgame.it\\\/en\\\/termini-e-condizioni\\\/#breadcrumb\"},\"inLanguage\":\"en-GB\",\"potentialAction\":[{\"@type\":\"ReadAction\",\"target\":[\"https:\\\/\\\/enigmaboxgame.it\\\/en\\\/termini-e-condizioni\\\/\"]}]},{\"@type\":\"BreadcrumbList\",\"@id\":\"https:\\\/\\\/enigmaboxgame.it\\\/en\\\/termini-e-condizioni\\\/#breadcrumb\",\"itemListElement\":[{\"@type\":\"ListItem\",\"position\":1,\"name\":\"Home\",\"item\":\"https:\\\/\\\/enigmaboxgame.it\\\/\"},{\"@type\":\"ListItem\",\"position\":2,\"name\":\"Termini e Condizioni\"}]},{\"@type\":\"WebSite\",\"@id\":\"https:\\\/\\\/enigmaboxgame.it\\\/#website\",\"url\":\"https:\\\/\\\/enigmaboxgame.it\\\/\",\"name\":\"Enigma Box Game\",\"description\":\"Escape Room a Casa\",\"publisher\":{\"@id\":\"https:\\\/\\\/enigmaboxgame.it\\\/#organization\"},\"potentialAction\":[{\"@type\":\"SearchAction\",\"target\":{\"@type\":\"EntryPoint\",\"urlTemplate\":\"https:\\\/\\\/enigmaboxgame.it\\\/?s={search_term_string}\"},\"query-input\":{\"@type\":\"PropertyValueSpecification\",\"valueRequired\":true,\"valueName\":\"search_term_string\"}}],\"inLanguage\":\"en-GB\"},{\"@type\":\"Organization\",\"@id\":\"https:\\\/\\\/enigmaboxgame.it\\\/#organization\",\"name\":\"Enigma Box Game\",\"url\":\"https:\\\/\\\/enigmaboxgame.it\\\/\",\"logo\":{\"@type\":\"ImageObject\",\"inLanguage\":\"en-GB\",\"@id\":\"https:\\\/\\\/enigmaboxgame.it\\\/#\\\/schema\\\/logo\\\/image\\\/\",\"url\":\"https:\\\/\\\/enigmaboxgame.it\\\/wp-content\\\/uploads\\\/2020\\\/11\\\/Logo-150x150-1.png\",\"contentUrl\":\"https:\\\/\\\/enigmaboxgame.it\\\/wp-content\\\/uploads\\\/2020\\\/11\\\/Logo-150x150-1.png\",\"width\":150,\"height\":150,\"caption\":\"Enigma Box Game\"},\"image\":{\"@id\":\"https:\\\/\\\/enigmaboxgame.it\\\/#\\\/schema\\\/logo\\\/image\\\/\"}}]}<\/script>\n<!-- \/ Yoast SEO plugin. -->","yoast_head_json":{"title":"Termini e Condizioni","description":"Termini e Condizioni Il sito Enigma Box Game fa parte del progetto Escape Room Evolution, perci\u00f2 si prega di leggere attentamente i presenti Termini e Condizioni prima di completare la prenotazione. Prenotando una sessione di gioco presso Escape Room Evolution il cliente esprime il proprio consenso al presente accordo. Nel caso in cui qualche punto&hellip;","robots":{"index":"index","follow":"follow","max-snippet":"max-snippet:-1","max-image-preview":"max-image-preview:large","max-video-preview":"max-video-preview:-1"},"canonical":"Termini e Condizioni Il sito Enigma Box Game fa parte del progetto Escape Room Evolution, perci\u00f2 si prega di leggere attentamente i presenti Termini e Condizioni prima di completare la prenotazione. Prenotando una sessione di gioco presso Escape Room Evolution il cliente esprime il proprio consenso al presente accordo. Nel caso in cui qualche punto&hellip;","og_locale":"en_GB","og_type":"article","og_title":"Termini e Condizioni","og_description":"Termini e Condizioni Il sito Enigma Box Game fa parte del progetto Escape Room Evolution, perci\u00f2 si prega di leggere attentamente i presenti Termini e Condizioni prima di completare la prenotazione. Prenotando una sessione di gioco presso Escape Room Evolution il cliente esprime il proprio consenso al presente accordo. Nel caso in cui qualche punto&hellip;","og_url":"https:\/\/enigmaboxgame.it\/en\/termini-e-condizioni\/","og_site_name":"Enigma Box Game","article_modified_time":"2021-01-23T19:23:26+00:00","twitter_card":"summary_large_image","twitter_misc":{"Estimated reading time":"5 minutes"},"schema":{"@context":"https:\/\/schema.org","@graph":[{"@type":"WebPage","@id":"https:\/\/enigmaboxgame.it\/en\/termini-e-condizioni\/","url":"https:\/\/enigmaboxgame.it\/en\/termini-e-condizioni\/","name":"Termini e Condizioni - Enigma Box Game","isPartOf":{"@id":"https:\/\/enigmaboxgame.it\/#website"},"datePublished":"2021-01-23T19:16:24+00:00","dateModified":"2021-01-23T19:23:26+00:00","breadcrumb":{"@id":"https:\/\/enigmaboxgame.it\/en\/termini-e-condizioni\/#breadcrumb"},"inLanguage":"en-GB","potentialAction":[{"@type":"ReadAction","target":["https:\/\/enigmaboxgame.it\/en\/termini-e-condizioni\/"]}]},{"@type":"BreadcrumbList","@id":"https:\/\/enigmaboxgame.it\/en\/termini-e-condizioni\/#breadcrumb","itemListElement":[{"@type":"ListItem","position":1,"name":"Home","item":"https:\/\/enigmaboxgame.it\/"},{"@type":"ListItem","position":2,"name":"Termini e Condizioni"}]},{"@type":"WebSite","@id":"https:\/\/enigmaboxgame.it\/#website","url":"https:\/\/enigmaboxgame.it\/","name":"Enigma Box Game","description":"Escape Room a Casa","publisher":{"@id":"https:\/\/enigmaboxgame.it\/#organization"},"potentialAction":[{"@type":"SearchAction","target":{"@type":"EntryPoint","urlTemplate":"https:\/\/enigmaboxgame.it\/?s={search_term_string}"},"query-input":{"@type":"PropertyValueSpecification","valueRequired":true,"valueName":"search_term_string"}}],"inLanguage":"en-GB"},{"@type":"Organization","@id":"https:\/\/enigmaboxgame.it\/#organization","name":"Enigma Box Game","url":"https:\/\/enigmaboxgame.it\/","logo":{"@type":"ImageObject","inLanguage":"en-GB","@id":"https:\/\/enigmaboxgame.it\/#\/schema\/logo\/image\/","url":"https:\/\/enigmaboxgame.it\/wp-content\/uploads\/2020\/11\/Logo-150x150-1.png","contentUrl":"https:\/\/enigmaboxgame.it\/wp-content\/uploads\/2020\/11\/Logo-150x150-1.png","width":150,"height":150,"caption":"Enigma Box Game"},"image":{"@id":"https:\/\/enigmaboxgame.it\/#\/schema\/logo\/image\/"}}]}},"_links":{"self":[{"href":"https:\/\/enigmaboxgame.it\/en\/wp-json\/wp\/v2\/pages\/941","targetHints":{"allow":["GET"]}}],"collection":[{"href":"https:\/\/enigmaboxgame.it\/en\/wp-json\/wp\/v2\/pages"}],"about":[{"href":"https:\/\/enigmaboxgame.it\/en\/wp-json\/wp\/v2\/types\/page"}],"author":[{"embeddable":true,"href":"https:\/\/enigmaboxgame.it\/en\/wp-json\/wp\/v2\/users\/1"}],"replies":[{"embeddable":true,"href":"https:\/\/enigmaboxgame.it\/en\/wp-json\/wp\/v2\/comments?post=941"}],"version-history":[{"count":16,"href":"https:\/\/enigmaboxgame.it\/en\/wp-json\/wp\/v2\/pages\/941\/revisions"}],"predecessor-version":[{"id":2585,"href":"https:\/\/enigmaboxgame.it\/en\/wp-json\/wp\/v2\/pages\/941\/revisions\/2585"}],"wp:attachment":[{"href":"https:\/\/enigmaboxgame.it\/en\/wp-json\/wp\/v2\/media?parent=941"}],"curies":[{"name":"wp","href":"https:\/\/api.w.org\/{rel}","templated":true}]}}