{"id":2639,"date":"2025-11-17T22:04:50","date_gmt":"2025-11-17T21:04:50","guid":{"rendered":"https:\/\/enigmaboxgame.it\/?page_id=2639"},"modified":"2025-11-17T22:04:50","modified_gmt":"2025-11-17T21:04:50","slug":"grazie-scuola-di-magia","status":"publish","type":"page","link":"https:\/\/enigmaboxgame.it\/en\/grazie-scuola-di-magia\/","title":{"rendered":"Grazie Scuola di Magia"},"content":{"rendered":"<h1 style=\"font-size: 32px;\">Grazie per aver prenotato Scuola di Magia<\/h1>\n<h3>Informazioni importanti<\/h3>\n<p>La prenotazione sar\u00e0 confermata solo dopo aver effettuato il pagamento seguendo le istruzioni sotto:<\/p>\n<p style=\"font-weight: 400;\">LINK utile per il pagamento della quota di iscrizione:\u00a0<a href=\"https:\/\/mypay.regione.veneto.it\/mypay4\/cittadino\/spontaneo\" data-saferedirecturl=\"https:\/\/www.google.com\/url?q=https:\/\/mypay.regione.veneto.it\/mypay4\/cittadino\/spontaneo&amp;source=gmail&amp;ust=1763496932572000&amp;usg=AOvVaw1A8atWhLloRZclDktbkyq2\">https:\/\/mypay.regione.veneto.it\/mypay4\/cittadino\/spontaneo<\/a><\/p>\n<p style=\"font-weight: 400;\">1 Ricordarsi di\u00a0<strong>ACCETTARE<\/strong>\u00a0i cookie di terze parti;<\/p>\n<p style=\"font-weight: 400;\">2 Selezionare come ente \u201c<strong>COMUNE DI VILLORBA<\/strong>\u201d e come tipologia di pagamento \u201c<strong>BIGLIETTI (AMBITO CULTURA)<\/strong>\u201d;<\/p>\n<p style=\"font-weight: 400;\">3 Inserire la causale \u201c<strong>ISCRIZIONE ENIGMA BOX 2025<\/strong>\u201d (<u>qualora si paghi l\u2019iscrizione per pi\u00f9 persone, ricordarsi di indicare il numero degli iscritti per cui si paga all\u2019interno della causale<\/u>). Esempio: \u201cISCRIZIONE ENIGMA BOX. 5 PARTECIPANTI\u201d;<\/p>\n<p style=\"font-weight: 400;\">4 Inserire l\u2019importo:\u00a0<strong>\u20ac 10,00<\/strong>\u00a0a partecipante.<\/p>\n<p style=\"font-weight: 400;\">L\u2019iscrizione sar\u00e0 ultimata\u00a0<strong>SOLO<\/strong>\u00a0con l\u2019avvenuto versamento della quota di iscrizione.<\/p>\n<p style=\"font-weight: 400;\">Sar\u00e0 possibile pagare la quota di iscrizione entro mercoled\u00ec 10 dicembre 2025.<br \/>\n<strong>Non sono previsti rimborsi in caso di mancata partecipazione.<\/strong><\/p>\n<p>La puntualit\u00e0 \u00e8 importante, perci\u00f2 chiediamo di arrivare 10 minuti prima rispetto all'orario della prenotazione.<\/p>\n<p>Per qualsiasi tipo di richiesta, inviaci una mail a <a href=\"mailto:info@escaperoomevolution.it\" target=\"_blank\" rel=\"noopener noreferrer\">info@escaperoomevolution.it<\/a> o contattaci direttamente al telefono <span style=\"color: #0000ff;\">3291404311<\/span><\/p>\n","protected":false},"excerpt":{"rendered":"<p>Grazie per aver prenotato Scuola di Magia Informazioni importanti La prenotazione sar\u00e0 confermata solo dopo aver effettuato il pagamento seguendo le istruzioni sotto: LINK utile per il pagamento della quota di iscrizione:\u00a0https:\/\/mypay.regione.veneto.it\/mypay4\/cittadino\/spontaneo 1 Ricordarsi di\u00a0ACCETTARE\u00a0i cookie di terze parti; 2 Selezionare come ente \u201cCOMUNE DI VILLORBA\u201d e come tipologia di pagamento \u201cBIGLIETTI (AMBITO CULTURA)\u201d; 3&hellip;&nbsp;<a href=\"https:\/\/enigmaboxgame.it\/en\/grazie-scuola-di-magia\/\" rel=\"bookmark\">Read More &raquo;<span class=\"screen-reader-text\">Grazie Scuola di Magia<\/span><\/a><\/p>\n","protected":false},"author":1,"featured_media":0,"parent":0,"menu_order":0,"comment_status":"closed","ping_status":"closed","template":"","meta":{"neve_meta_sidebar":"full-width","neve_meta_container":"","neve_meta_enable_content_width":"on","neve_meta_content_width":100,"neve_meta_title_alignment":"","neve_meta_author_avatar":"","neve_post_elements_order":"","neve_meta_disable_header":"","neve_meta_disable_footer":"","neve_meta_disable_title":"","footnotes":""},"class_list":["post-2639","page","type-page","status-publish","hentry"],"yoast_head":"<!-- This site is optimized with the Yoast SEO plugin v27.4 - https:\/\/yoast.com\/product\/yoast-seo-wordpress\/ -->\n<title>Grazie Scuola di Magia<\/title>\n<meta name=\"description\" content=\"Grazie per aver prenotato Scuola di Magia Informazioni importanti La prenotazione sar\u00e0 confermata solo dopo aver effettuato il pagamento seguendo le istruzioni sotto: LINK utile per il pagamento della quota di iscrizione:\u00a0https:\/\/mypay.regione.veneto.it\/mypay4\/cittadino\/spontaneo 1 Ricordarsi di\u00a0ACCETTARE\u00a0i cookie di terze parti; 2 Selezionare come ente \u201cCOMUNE DI VILLORBA\u201d e come tipologia di pagamento \u201cBIGLIETTI (AMBITO CULTURA)\u201d; 3&hellip;\" \/>\n<meta name=\"robots\" content=\"index, follow, max-snippet:-1, max-image-preview:large, max-video-preview:-1\" \/>\n<link rel=\"canonical\" href=\"\" \/>\n<meta property=\"og:locale\" content=\"en_GB\" \/>\n<meta property=\"og:type\" content=\"article\" \/>\n<meta property=\"og:title\" content=\"Grazie Scuola di Magia\" \/>\n<meta property=\"og:description\" content=\"Grazie per aver prenotato Scuola di Magia Informazioni importanti La prenotazione sar\u00e0 confermata solo dopo aver effettuato il pagamento seguendo le istruzioni sotto: LINK utile per il pagamento della quota di iscrizione:\u00a0https:\/\/mypay.regione.veneto.it\/mypay4\/cittadino\/spontaneo 1 Ricordarsi di\u00a0ACCETTARE\u00a0i cookie di terze parti; 2 Selezionare come ente \u201cCOMUNE DI VILLORBA\u201d e come tipologia di pagamento \u201cBIGLIETTI (AMBITO CULTURA)\u201d; 3&hellip;\" \/>\n<meta property=\"og:url\" content=\"https:\/\/enigmaboxgame.it\/en\/grazie-scuola-di-magia\/\" \/>\n<meta property=\"og:site_name\" content=\"Enigma Box Game\" \/>\n<meta name=\"twitter:card\" content=\"summary_large_image\" \/>\n<meta name=\"twitter:label1\" content=\"Estimated reading time\" \/>\n\t<meta name=\"twitter:data1\" content=\"1 minute\" \/>\n<script type=\"application\/ld+json\" class=\"yoast-schema-graph\">{\"@context\":\"https:\\\/\\\/schema.org\",\"@graph\":[{\"@type\":\"WebPage\",\"@id\":\"https:\\\/\\\/enigmaboxgame.it\\\/en\\\/grazie-scuola-di-magia\\\/\",\"url\":\"https:\\\/\\\/enigmaboxgame.it\\\/en\\\/grazie-scuola-di-magia\\\/\",\"name\":\"Grazie Scuola di Magia - Enigma Box Game\",\"isPartOf\":{\"@id\":\"https:\\\/\\\/enigmaboxgame.it\\\/#website\"},\"datePublished\":\"2025-11-17T21:04:50+00:00\",\"breadcrumb\":{\"@id\":\"https:\\\/\\\/enigmaboxgame.it\\\/en\\\/grazie-scuola-di-magia\\\/#breadcrumb\"},\"inLanguage\":\"en-GB\",\"potentialAction\":[{\"@type\":\"ReadAction\",\"target\":[\"https:\\\/\\\/enigmaboxgame.it\\\/en\\\/grazie-scuola-di-magia\\\/\"]}]},{\"@type\":\"BreadcrumbList\",\"@id\":\"https:\\\/\\\/enigmaboxgame.it\\\/en\\\/grazie-scuola-di-magia\\\/#breadcrumb\",\"itemListElement\":[{\"@type\":\"ListItem\",\"position\":1,\"name\":\"Home\",\"item\":\"https:\\\/\\\/enigmaboxgame.it\\\/\"},{\"@type\":\"ListItem\",\"position\":2,\"name\":\"Grazie Scuola di Magia\"}]},{\"@type\":\"WebSite\",\"@id\":\"https:\\\/\\\/enigmaboxgame.it\\\/#website\",\"url\":\"https:\\\/\\\/enigmaboxgame.it\\\/\",\"name\":\"Enigma Box Game\",\"description\":\"Escape Room a Casa\",\"publisher\":{\"@id\":\"https:\\\/\\\/enigmaboxgame.it\\\/#organization\"},\"potentialAction\":[{\"@type\":\"SearchAction\",\"target\":{\"@type\":\"EntryPoint\",\"urlTemplate\":\"https:\\\/\\\/enigmaboxgame.it\\\/?s={search_term_string}\"},\"query-input\":{\"@type\":\"PropertyValueSpecification\",\"valueRequired\":true,\"valueName\":\"search_term_string\"}}],\"inLanguage\":\"en-GB\"},{\"@type\":\"Organization\",\"@id\":\"https:\\\/\\\/enigmaboxgame.it\\\/#organization\",\"name\":\"Enigma Box Game\",\"url\":\"https:\\\/\\\/enigmaboxgame.it\\\/\",\"logo\":{\"@type\":\"ImageObject\",\"inLanguage\":\"en-GB\",\"@id\":\"https:\\\/\\\/enigmaboxgame.it\\\/#\\\/schema\\\/logo\\\/image\\\/\",\"url\":\"https:\\\/\\\/enigmaboxgame.it\\\/wp-content\\\/uploads\\\/2020\\\/11\\\/Logo-150x150-1.png\",\"contentUrl\":\"https:\\\/\\\/enigmaboxgame.it\\\/wp-content\\\/uploads\\\/2020\\\/11\\\/Logo-150x150-1.png\",\"width\":150,\"height\":150,\"caption\":\"Enigma Box Game\"},\"image\":{\"@id\":\"https:\\\/\\\/enigmaboxgame.it\\\/#\\\/schema\\\/logo\\\/image\\\/\"}}]}<\/script>\n<!-- \/ Yoast SEO plugin. -->","yoast_head_json":{"title":"Grazie Scuola di Magia","description":"Grazie per aver prenotato Scuola di Magia Informazioni importanti La prenotazione sar\u00e0 confermata solo dopo aver effettuato il pagamento seguendo le istruzioni sotto: LINK utile per il pagamento della quota di iscrizione:\u00a0https:\/\/mypay.regione.veneto.it\/mypay4\/cittadino\/spontaneo 1 Ricordarsi di\u00a0ACCETTARE\u00a0i cookie di terze parti; 2 Selezionare come ente \u201cCOMUNE DI VILLORBA\u201d e come tipologia di pagamento \u201cBIGLIETTI (AMBITO CULTURA)\u201d; 3&hellip;","robots":{"index":"index","follow":"follow","max-snippet":"max-snippet:-1","max-image-preview":"max-image-preview:large","max-video-preview":"max-video-preview:-1"},"canonical":"Grazie per aver prenotato Scuola di Magia Informazioni importanti La prenotazione sar\u00e0 confermata solo dopo aver effettuato il pagamento seguendo le istruzioni sotto: LINK utile per il pagamento della quota di iscrizione:\u00a0https:\/\/mypay.regione.veneto.it\/mypay4\/cittadino\/spontaneo 1 Ricordarsi di\u00a0ACCETTARE\u00a0i cookie di terze parti; 2 Selezionare come ente \u201cCOMUNE DI VILLORBA\u201d e come tipologia di pagamento \u201cBIGLIETTI (AMBITO CULTURA)\u201d; 3&hellip;","og_locale":"en_GB","og_type":"article","og_title":"Grazie Scuola di Magia","og_description":"Grazie per aver prenotato Scuola di Magia Informazioni importanti La prenotazione sar\u00e0 confermata solo dopo aver effettuato il pagamento seguendo le istruzioni sotto: LINK utile per il pagamento della quota di iscrizione:\u00a0https:\/\/mypay.regione.veneto.it\/mypay4\/cittadino\/spontaneo 1 Ricordarsi di\u00a0ACCETTARE\u00a0i cookie di terze parti; 2 Selezionare come ente \u201cCOMUNE DI VILLORBA\u201d e come tipologia di pagamento \u201cBIGLIETTI (AMBITO CULTURA)\u201d; 3&hellip;","og_url":"https:\/\/enigmaboxgame.it\/en\/grazie-scuola-di-magia\/","og_site_name":"Enigma Box Game","twitter_card":"summary_large_image","twitter_misc":{"Estimated reading time":"1 minute"},"schema":{"@context":"https:\/\/schema.org","@graph":[{"@type":"WebPage","@id":"https:\/\/enigmaboxgame.it\/en\/grazie-scuola-di-magia\/","url":"https:\/\/enigmaboxgame.it\/en\/grazie-scuola-di-magia\/","name":"Grazie Scuola di Magia - Enigma Box Game","isPartOf":{"@id":"https:\/\/enigmaboxgame.it\/#website"},"datePublished":"2025-11-17T21:04:50+00:00","breadcrumb":{"@id":"https:\/\/enigmaboxgame.it\/en\/grazie-scuola-di-magia\/#breadcrumb"},"inLanguage":"en-GB","potentialAction":[{"@type":"ReadAction","target":["https:\/\/enigmaboxgame.it\/en\/grazie-scuola-di-magia\/"]}]},{"@type":"BreadcrumbList","@id":"https:\/\/enigmaboxgame.it\/en\/grazie-scuola-di-magia\/#breadcrumb","itemListElement":[{"@type":"ListItem","position":1,"name":"Home","item":"https:\/\/enigmaboxgame.it\/"},{"@type":"ListItem","position":2,"name":"Grazie Scuola di Magia"}]},{"@type":"WebSite","@id":"https:\/\/enigmaboxgame.it\/#website","url":"https:\/\/enigmaboxgame.it\/","name":"Enigma Box Game","description":"Escape Room a Casa","publisher":{"@id":"https:\/\/enigmaboxgame.it\/#organization"},"potentialAction":[{"@type":"SearchAction","target":{"@type":"EntryPoint","urlTemplate":"https:\/\/enigmaboxgame.it\/?s={search_term_string}"},"query-input":{"@type":"PropertyValueSpecification","valueRequired":true,"valueName":"search_term_string"}}],"inLanguage":"en-GB"},{"@type":"Organization","@id":"https:\/\/enigmaboxgame.it\/#organization","name":"Enigma Box Game","url":"https:\/\/enigmaboxgame.it\/","logo":{"@type":"ImageObject","inLanguage":"en-GB","@id":"https:\/\/enigmaboxgame.it\/#\/schema\/logo\/image\/","url":"https:\/\/enigmaboxgame.it\/wp-content\/uploads\/2020\/11\/Logo-150x150-1.png","contentUrl":"https:\/\/enigmaboxgame.it\/wp-content\/uploads\/2020\/11\/Logo-150x150-1.png","width":150,"height":150,"caption":"Enigma Box Game"},"image":{"@id":"https:\/\/enigmaboxgame.it\/#\/schema\/logo\/image\/"}}]}},"_links":{"self":[{"href":"https:\/\/enigmaboxgame.it\/en\/wp-json\/wp\/v2\/pages\/2639","targetHints":{"allow":["GET"]}}],"collection":[{"href":"https:\/\/enigmaboxgame.it\/en\/wp-json\/wp\/v2\/pages"}],"about":[{"href":"https:\/\/enigmaboxgame.it\/en\/wp-json\/wp\/v2\/types\/page"}],"author":[{"embeddable":true,"href":"https:\/\/enigmaboxgame.it\/en\/wp-json\/wp\/v2\/users\/1"}],"replies":[{"embeddable":true,"href":"https:\/\/enigmaboxgame.it\/en\/wp-json\/wp\/v2\/comments?post=2639"}],"version-history":[{"count":1,"href":"https:\/\/enigmaboxgame.it\/en\/wp-json\/wp\/v2\/pages\/2639\/revisions"}],"predecessor-version":[{"id":3194,"href":"https:\/\/enigmaboxgame.it\/en\/wp-json\/wp\/v2\/pages\/2639\/revisions\/3194"}],"wp:attachment":[{"href":"https:\/\/enigmaboxgame.it\/en\/wp-json\/wp\/v2\/media?parent=2639"}],"curies":[{"name":"wp","href":"https:\/\/api.w.org\/{rel}","templated":true}]}}