{"id":1838,"date":"2021-04-11T16:40:40","date_gmt":"2021-04-11T15:40:40","guid":{"rendered":"https:\/\/enigmaboxgame.it\/?page_id=1838"},"modified":"2022-12-21T11:57:35","modified_gmt":"2022-12-21T10:57:35","slug":"the-pegasus-project","status":"publish","type":"page","link":"https:\/\/enigmaboxgame.it\/en\/the-pegasus-project\/","title":{"rendered":"The Pegasus Project"},"content":{"rendered":"\t\t<div data-elementor-type=\"wp-page\" data-elementor-id=\"1838\" class=\"elementor elementor-1838\" data-elementor-post-type=\"page\">\n\t\t\t\t\t\t<section class=\"elementor-section elementor-top-section elementor-element elementor-element-3de03bc elementor-section-boxed elementor-section-height-default elementor-section-height-default\" data-id=\"3de03bc\" data-element_type=\"section\" data-e-type=\"section\">\n\t\t\t\t\t\t<div class=\"elementor-container elementor-column-gap-default\">\n\t\t\t\t\t<div class=\"elementor-column elementor-col-100 elementor-top-column elementor-element elementor-element-aaf5363\" data-id=\"aaf5363\" data-element_type=\"column\" data-e-type=\"column\">\n\t\t\t<div class=\"elementor-widget-wrap elementor-element-populated\">\n\t\t\t\t\t\t<div class=\"elementor-element elementor-element-c1a3936 elementor-widget elementor-widget-image\" data-id=\"c1a3936\" data-element_type=\"widget\" data-e-type=\"widget\" data-widget_type=\"image.default\">\n\t\t\t\t\t\t\t\t\t\t\t\t\t\t\t<img fetchpriority=\"high\" decoding=\"async\" width=\"1000\" height=\"900\" src=\"https:\/\/enigmaboxgame.it\/wp-content\/uploads\/2020\/12\/escape-room-online.png\" class=\"attachment-large size-large wp-image-283\" alt=\"escape room online\" srcset=\"https:\/\/enigmaboxgame.it\/wp-content\/uploads\/2020\/12\/escape-room-online.png 1000w, https:\/\/enigmaboxgame.it\/wp-content\/uploads\/2020\/12\/escape-room-online-300x270.png 300w, https:\/\/enigmaboxgame.it\/wp-content\/uploads\/2020\/12\/escape-room-online-768x691.png 768w\" sizes=\"(max-width: 1000px) 100vw, 1000px\" \/>\t\t\t\t\t\t\t\t\t\t\t\t\t\t\t<\/div>\n\t\t\t\t<div class=\"elementor-element elementor-element-e6970a4 elementor-widget elementor-widget-video\" data-id=\"e6970a4\" data-element_type=\"widget\" data-e-type=\"widget\" data-settings=\"{&quot;video_type&quot;:&quot;hosted&quot;,&quot;controls&quot;:&quot;yes&quot;}\" data-widget_type=\"video.default\">\n\t\t\t\t\t\t\t<div class=\"e-hosted-video elementor-wrapper elementor-open-inline\">\n\t\t\t\t\t<video class=\"elementor-video\" src=\"https:\/\/enigmaboxgame.it\/wp-content\/uploads\/2021\/05\/Intro-Pegasus-Project-IT-per-PC.mp4\" controls=\"\" preload=\"metadata\" controlsList=\"nodownload\" poster=\"https:\/\/enigmaboxgame.it\/wp-content\/uploads\/2020\/11\/computer-security-cybersecurity-technology-background-with-lock-blue-neon-lock-digital-background.jpg\"><\/video>\n\t\t\t\t<\/div>\n\t\t\t\t\t\t<\/div>\n\t\t\t\t<div class=\"elementor-element elementor-element-ca37ad3 elementor-widget elementor-widget-heading\" data-id=\"ca37ad3\" data-element_type=\"widget\" data-e-type=\"widget\" data-widget_type=\"heading.default\">\n\t\t\t\t\t<h3 class=\"elementor-heading-title elementor-size-large\">How to play<\/h3>\t\t\t\t<\/div>\n\t\t\t\t<div class=\"elementor-element elementor-element-df109d8 elementor-widget elementor-widget-text-editor\" data-id=\"df109d8\" data-element_type=\"widget\" data-e-type=\"widget\" data-widget_type=\"text-editor.default\">\n\t\t\t\t\t\t\t\t\t<p style=\"text-align: center;\">This mission can only be played online. We recommend using a computer, this game cannot be played on mobile devices. This will ensure that all documents and images are presented in an optimal way. For the success of this mission you will need these tools:<\/p><p style=\"text-align: center;\">A computer and an application for remote communication, such as Skype, Zoom, Meet.<\/p><p style=\"text-align: center;\">Make sure you are able to communicate well with your team for maximum success and enjoyment.<\/p><p style=\"text-align: center;\">The game was designed for adults but can also be played in families with children aged 12 and over.<\/p><p style=\"text-align: center;\">The cost for a game is 35 euros, and you have 90 minutes to solve the mission.<\/p><p style=\"text-align: center;\">The code is valid for one game session and the party can consist of people joining from different locations for up to two connections. The game is recommended for up to four players per session.<\/p><p style=\"text-align: center;\">Teams that exceed the two connections must split into smaller teams and purchase additional codes.<\/p><p style=\"text-align: center;\">For more info and reservations you can contact us here: CONTACTS<\/p>\t\t\t\t\t\t\t\t<\/div>\n\t\t\t\t<div class=\"elementor-element elementor-element-cf340a7 elementor-align-center elementor-widget elementor-widget-button\" data-id=\"cf340a7\" data-element_type=\"widget\" data-e-type=\"widget\" data-widget_type=\"button.default\">\n\t\t\t\t\t\t\t\t\t\t<a class=\"elementor-button elementor-button-link elementor-size-sm\" href=\"https:\/\/enigmaboxgame.it\/product\/the-pegasus-project\/\">\n\t\t\t\t\t\t<span class=\"elementor-button-content-wrapper\">\n\t\t\t\t\t\t\t\t\t<span class=\"elementor-button-text\">Book the game<\/span>\n\t\t\t\t\t<\/span>\n\t\t\t\t\t<\/a>\n\t\t\t\t\t\t\t\t<\/div>\n\t\t\t\t<div class=\"elementor-element elementor-element-9cc3f1d elementor-widget elementor-widget-image\" data-id=\"9cc3f1d\" data-element_type=\"widget\" data-e-type=\"widget\" data-widget_type=\"image.default\">\n\t\t\t\t\t\t\t\t\t\t\t\t\t\t\t<img decoding=\"async\" width=\"300\" height=\"55\" src=\"https:\/\/enigmaboxgame.it\/wp-content\/uploads\/2020\/12\/sum-up2-550x550w-300x55.png\" class=\"attachment-medium size-medium wp-image-814\" alt=\"\" srcset=\"https:\/\/enigmaboxgame.it\/wp-content\/uploads\/2020\/12\/sum-up2-550x550w-300x55.png 300w, https:\/\/enigmaboxgame.it\/wp-content\/uploads\/2020\/12\/sum-up2-550x550w.png 550w\" sizes=\"(max-width: 300px) 100vw, 300px\" \/>\t\t\t\t\t\t\t\t\t\t\t\t\t\t\t<\/div>\n\t\t\t\t<div class=\"elementor-element elementor-element-e919fd9 elementor-widget-divider--view-line elementor-widget elementor-widget-divider\" data-id=\"e919fd9\" data-element_type=\"widget\" data-e-type=\"widget\" data-widget_type=\"divider.default\">\n\t\t\t\t\t\t\t<div class=\"elementor-divider\">\n\t\t\t<span class=\"elementor-divider-separator\">\n\t\t\t\t\t\t<\/span>\n\t\t<\/div>\n\t\t\t\t\t\t<\/div>\n\t\t\t\t\t<\/div>\n\t\t<\/div>\n\t\t\t\t\t<\/div>\n\t\t<\/section>\n\t\t\t\t<\/div>\n\t\t","protected":false},"excerpt":{"rendered":"<p>https:\/\/enigmaboxgame.it\/wp-content\/uploads\/2021\/05\/Intro-Pegasus-Project-IT-per-PC.mp4 Come Giocare Questa missione pu\u00f2 essere giocata solo online. Ti consigliamo di utilizzare un computer, questo gioco non pu\u00f2 essere utilizzato sui dispositivi mobili. Ci\u00f2 garantir\u00e0 che tutti i documenti e tutte le immagini vengano presentati in modo ottimale. Per la riuscita di questa missione avrai bisogno di questi strumenti: Un computer e un\u2019applicazione&hellip;&nbsp;<a href=\"https:\/\/enigmaboxgame.it\/en\/the-pegasus-project\/\" rel=\"bookmark\">Read More &raquo;<span class=\"screen-reader-text\">The Pegasus Project<\/span><\/a><\/p>\n","protected":false},"author":1,"featured_media":0,"parent":0,"menu_order":0,"comment_status":"closed","ping_status":"closed","template":"page-templates\/template-pagebuilder-full-width.php","meta":{"neve_meta_sidebar":"full-width","neve_meta_container":"","neve_meta_enable_content_width":"on","neve_meta_content_width":100,"neve_meta_title_alignment":"","neve_meta_author_avatar":"","neve_post_elements_order":"","neve_meta_disable_header":"","neve_meta_disable_footer":"","neve_meta_disable_title":"","footnotes":""},"class_list":["post-1838","page","type-page","status-publish","hentry"],"yoast_head":"<!-- This site is optimized with the Yoast SEO plugin v27.4 - https:\/\/yoast.com\/product\/yoast-seo-wordpress\/ -->\n<title>The Pegasus Project<\/title>\n<meta name=\"robots\" content=\"index, follow, max-snippet:-1, max-image-preview:large, max-video-preview:-1\" \/>\n<meta property=\"og:locale\" content=\"en_GB\" \/>\n<meta property=\"og:type\" content=\"article\" \/>\n<meta property=\"og:title\" content=\"The Pegasus Project\" \/>\n<meta property=\"og:url\" content=\"https:\/\/enigmaboxgame.it\/en\/the-pegasus-project\/\" \/>\n<meta property=\"og:site_name\" content=\"Enigma Box Game\" \/>\n<meta property=\"article:modified_time\" content=\"2022-12-21T10:57:35+00:00\" \/>\n<meta property=\"og:image\" content=\"https:\/\/enigmaboxgame.it\/wp-content\/uploads\/2020\/12\/escape-room-online.png\" \/>\n<meta name=\"twitter:card\" content=\"summary_large_image\" \/>\n<meta name=\"twitter:label1\" content=\"Estimated reading time\" \/>\n\t<meta name=\"twitter:data1\" content=\"2 minutes\" \/>\n<script type=\"application\/ld+json\" class=\"yoast-schema-graph\">{\"@context\":\"https:\\\/\\\/schema.org\",\"@graph\":[{\"@type\":\"WebPage\",\"@id\":\"https:\\\/\\\/enigmaboxgame.it\\\/en\\\/the-pegasus-project\\\/\",\"url\":\"https:\\\/\\\/enigmaboxgame.it\\\/en\\\/the-pegasus-project\\\/\",\"name\":\"The Pegasus Project - Enigma Box Game\",\"isPartOf\":{\"@id\":\"https:\\\/\\\/enigmaboxgame.it\\\/#website\"},\"primaryImageOfPage\":{\"@id\":\"https:\\\/\\\/enigmaboxgame.it\\\/en\\\/the-pegasus-project\\\/#primaryimage\"},\"image\":{\"@id\":\"https:\\\/\\\/enigmaboxgame.it\\\/en\\\/the-pegasus-project\\\/#primaryimage\"},\"thumbnailUrl\":\"https:\\\/\\\/enigmaboxgame.it\\\/wp-content\\\/uploads\\\/2020\\\/12\\\/escape-room-online.png\",\"datePublished\":\"2021-04-11T15:40:40+00:00\",\"dateModified\":\"2022-12-21T10:57:35+00:00\",\"breadcrumb\":{\"@id\":\"https:\\\/\\\/enigmaboxgame.it\\\/en\\\/the-pegasus-project\\\/#breadcrumb\"},\"inLanguage\":\"en-GB\",\"potentialAction\":[{\"@type\":\"ReadAction\",\"target\":[\"https:\\\/\\\/enigmaboxgame.it\\\/en\\\/the-pegasus-project\\\/\"]}]},{\"@type\":\"ImageObject\",\"inLanguage\":\"en-GB\",\"@id\":\"https:\\\/\\\/enigmaboxgame.it\\\/en\\\/the-pegasus-project\\\/#primaryimage\",\"url\":\"https:\\\/\\\/enigmaboxgame.it\\\/wp-content\\\/uploads\\\/2020\\\/12\\\/escape-room-online.png\",\"contentUrl\":\"https:\\\/\\\/enigmaboxgame.it\\\/wp-content\\\/uploads\\\/2020\\\/12\\\/escape-room-online.png\"},{\"@type\":\"BreadcrumbList\",\"@id\":\"https:\\\/\\\/enigmaboxgame.it\\\/en\\\/the-pegasus-project\\\/#breadcrumb\",\"itemListElement\":[{\"@type\":\"ListItem\",\"position\":1,\"name\":\"Home\",\"item\":\"https:\\\/\\\/enigmaboxgame.it\\\/\"},{\"@type\":\"ListItem\",\"position\":2,\"name\":\"The Pegasus Project\"}]},{\"@type\":\"WebSite\",\"@id\":\"https:\\\/\\\/enigmaboxgame.it\\\/#website\",\"url\":\"https:\\\/\\\/enigmaboxgame.it\\\/\",\"name\":\"Enigma Box Game\",\"description\":\"Escape Room a Casa\",\"publisher\":{\"@id\":\"https:\\\/\\\/enigmaboxgame.it\\\/#organization\"},\"potentialAction\":[{\"@type\":\"SearchAction\",\"target\":{\"@type\":\"EntryPoint\",\"urlTemplate\":\"https:\\\/\\\/enigmaboxgame.it\\\/?s={search_term_string}\"},\"query-input\":{\"@type\":\"PropertyValueSpecification\",\"valueRequired\":true,\"valueName\":\"search_term_string\"}}],\"inLanguage\":\"en-GB\"},{\"@type\":\"Organization\",\"@id\":\"https:\\\/\\\/enigmaboxgame.it\\\/#organization\",\"name\":\"Enigma Box Game\",\"url\":\"https:\\\/\\\/enigmaboxgame.it\\\/\",\"logo\":{\"@type\":\"ImageObject\",\"inLanguage\":\"en-GB\",\"@id\":\"https:\\\/\\\/enigmaboxgame.it\\\/#\\\/schema\\\/logo\\\/image\\\/\",\"url\":\"https:\\\/\\\/enigmaboxgame.it\\\/wp-content\\\/uploads\\\/2020\\\/11\\\/Logo-150x150-1.png\",\"contentUrl\":\"https:\\\/\\\/enigmaboxgame.it\\\/wp-content\\\/uploads\\\/2020\\\/11\\\/Logo-150x150-1.png\",\"width\":150,\"height\":150,\"caption\":\"Enigma Box Game\"},\"image\":{\"@id\":\"https:\\\/\\\/enigmaboxgame.it\\\/#\\\/schema\\\/logo\\\/image\\\/\"}}]}<\/script>\n<!-- \/ Yoast SEO plugin. -->","yoast_head_json":{"title":"The Pegasus Project","robots":{"index":"index","follow":"follow","max-snippet":"max-snippet:-1","max-image-preview":"max-image-preview:large","max-video-preview":"max-video-preview:-1"},"og_locale":"en_GB","og_type":"article","og_title":"The Pegasus Project","og_url":"https:\/\/enigmaboxgame.it\/en\/the-pegasus-project\/","og_site_name":"Enigma Box Game","article_modified_time":"2022-12-21T10:57:35+00:00","og_image":[{"url":"https:\/\/enigmaboxgame.it\/wp-content\/uploads\/2020\/12\/escape-room-online.png","type":"","width":"","height":""}],"twitter_card":"summary_large_image","twitter_misc":{"Estimated reading time":"2 minutes"},"schema":{"@context":"https:\/\/schema.org","@graph":[{"@type":"WebPage","@id":"https:\/\/enigmaboxgame.it\/en\/the-pegasus-project\/","url":"https:\/\/enigmaboxgame.it\/en\/the-pegasus-project\/","name":"The Pegasus Project - Enigma Box Game","isPartOf":{"@id":"https:\/\/enigmaboxgame.it\/#website"},"primaryImageOfPage":{"@id":"https:\/\/enigmaboxgame.it\/en\/the-pegasus-project\/#primaryimage"},"image":{"@id":"https:\/\/enigmaboxgame.it\/en\/the-pegasus-project\/#primaryimage"},"thumbnailUrl":"https:\/\/enigmaboxgame.it\/wp-content\/uploads\/2020\/12\/escape-room-online.png","datePublished":"2021-04-11T15:40:40+00:00","dateModified":"2022-12-21T10:57:35+00:00","breadcrumb":{"@id":"https:\/\/enigmaboxgame.it\/en\/the-pegasus-project\/#breadcrumb"},"inLanguage":"en-GB","potentialAction":[{"@type":"ReadAction","target":["https:\/\/enigmaboxgame.it\/en\/the-pegasus-project\/"]}]},{"@type":"ImageObject","inLanguage":"en-GB","@id":"https:\/\/enigmaboxgame.it\/en\/the-pegasus-project\/#primaryimage","url":"https:\/\/enigmaboxgame.it\/wp-content\/uploads\/2020\/12\/escape-room-online.png","contentUrl":"https:\/\/enigmaboxgame.it\/wp-content\/uploads\/2020\/12\/escape-room-online.png"},{"@type":"BreadcrumbList","@id":"https:\/\/enigmaboxgame.it\/en\/the-pegasus-project\/#breadcrumb","itemListElement":[{"@type":"ListItem","position":1,"name":"Home","item":"https:\/\/enigmaboxgame.it\/"},{"@type":"ListItem","position":2,"name":"The Pegasus Project"}]},{"@type":"WebSite","@id":"https:\/\/enigmaboxgame.it\/#website","url":"https:\/\/enigmaboxgame.it\/","name":"Enigma Box Game","description":"Escape Room a Casa","publisher":{"@id":"https:\/\/enigmaboxgame.it\/#organization"},"potentialAction":[{"@type":"SearchAction","target":{"@type":"EntryPoint","urlTemplate":"https:\/\/enigmaboxgame.it\/?s={search_term_string}"},"query-input":{"@type":"PropertyValueSpecification","valueRequired":true,"valueName":"search_term_string"}}],"inLanguage":"en-GB"},{"@type":"Organization","@id":"https:\/\/enigmaboxgame.it\/#organization","name":"Enigma Box Game","url":"https:\/\/enigmaboxgame.it\/","logo":{"@type":"ImageObject","inLanguage":"en-GB","@id":"https:\/\/enigmaboxgame.it\/#\/schema\/logo\/image\/","url":"https:\/\/enigmaboxgame.it\/wp-content\/uploads\/2020\/11\/Logo-150x150-1.png","contentUrl":"https:\/\/enigmaboxgame.it\/wp-content\/uploads\/2020\/11\/Logo-150x150-1.png","width":150,"height":150,"caption":"Enigma Box Game"},"image":{"@id":"https:\/\/enigmaboxgame.it\/#\/schema\/logo\/image\/"}}]}},"_links":{"self":[{"href":"https:\/\/enigmaboxgame.it\/en\/wp-json\/wp\/v2\/pages\/1838","targetHints":{"allow":["GET"]}}],"collection":[{"href":"https:\/\/enigmaboxgame.it\/en\/wp-json\/wp\/v2\/pages"}],"about":[{"href":"https:\/\/enigmaboxgame.it\/en\/wp-json\/wp\/v2\/types\/page"}],"author":[{"embeddable":true,"href":"https:\/\/enigmaboxgame.it\/en\/wp-json\/wp\/v2\/users\/1"}],"replies":[{"embeddable":true,"href":"https:\/\/enigmaboxgame.it\/en\/wp-json\/wp\/v2\/comments?post=1838"}],"version-history":[{"count":36,"href":"https:\/\/enigmaboxgame.it\/en\/wp-json\/wp\/v2\/pages\/1838\/revisions"}],"predecessor-version":[{"id":2877,"href":"https:\/\/enigmaboxgame.it\/en\/wp-json\/wp\/v2\/pages\/1838\/revisions\/2877"}],"wp:attachment":[{"href":"https:\/\/enigmaboxgame.it\/en\/wp-json\/wp\/v2\/media?parent=1838"}],"curies":[{"name":"wp","href":"https:\/\/api.w.org\/{rel}","templated":true}]}}